{"id":18,"date":"2021-03-13T15:24:46","date_gmt":"2021-03-13T14:24:46","guid":{"rendered":"https:\/\/www.preventraide.fr\/contenus\/?page_id=18"},"modified":"2021-04-19T16:03:08","modified_gmt":"2021-04-19T14:03:08","slug":"que-faire-en-cas-dalerte","status":"publish","type":"page","link":"https:\/\/www.preventraide.fr\/contenus\/que-faire-en-cas-dalerte\/","title":{"rendered":"Que faire en cas d&rsquo;alerte ?"},"content":{"rendered":"\n<h2 class=\"wp-block-heading\">L&rsquo;alerte<\/h2>\n\n\n\n<p class=\"is-style-default ghostkit-custom-ZbzbPT\" style=\"font-size:clamp(14px, 0.875rem + ((1vw - 3.2px) * 0.577), 20px);px\"><strong>L\u2019alerte<\/strong> est d\u00e9clench\u00e9e lorsque le <strong>risque est av\u00e9r\u00e9<\/strong>. Il ne s\u2019agit plus de pr\u00e9venir d\u2019un potentiel \u00e9v\u00e8nement, mais <strong>d\u2019avertir que cet \u00e9v\u00e8nement est en court<\/strong>s<\/p>\n\n\n\n<div class=\"wp-block-columns ghostkit-custom-Z1n5U9m is-layout-flex wp-container-core-columns-is-layout-28f84493 wp-block-columns-is-layout-flex\">\n<div class=\"wp-block-column is-layout-flow wp-block-column-is-layout-flow\">\n<p class=\"has-text-align-center\" style=\"font-size:clamp(14px, 0.875rem + ((1vw - 3.2px) * 0.577), 20px);px\"><strong>Signal national d&rsquo;alerte<\/strong><\/p>\n\n\n\n<figure class=\"wp-block-audio\"><audio controls src=\"https:\/\/www.preventraide.fr\/contenus\/app\/uploads\/2021\/03\/Signal-national-d-alerte-2.mp3\"><\/audio><\/figure>\n\n\n\n<p class=\"has-text-align-center has-small-font-size\"><em>Signal de 1:41 en cas de test et de 3 fois 1:41 en cas d&rsquo;\u00e9v\u00e9nement.<\/em><\/p>\n<\/div>\n\n\n\n<div class=\"wp-block-column is-layout-flow wp-block-column-is-layout-flow\">\n<p class=\"has-text-align-center\" style=\"font-size:clamp(14px, 0.875rem + ((1vw - 3.2px) * 0.577), 20px);px\"><strong>Signal de fin d&rsquo;alerte<\/strong><\/p>\n\n\n\n<figure class=\"wp-block-audio\"><audio controls src=\"https:\/\/www.preventraide.fr\/contenus\/app\/uploads\/2021\/03\/Signal-fin-d-alerte.mp3\"><\/audio><\/figure>\n<\/div>\n\n\n\n<div class=\"wp-block-column is-layout-flow wp-block-column-is-layout-flow\">\n<p class=\"has-text-align-center\" style=\"font-size:clamp(14px, 0.875rem + ((1vw - 3.2px) * 0.577), 20px);px\"><strong>Corne de brume<\/strong><\/p>\n\n\n\n<figure class=\"wp-block-audio\"><audio controls src=\"https:\/\/www.preventraide.fr\/contenus\/app\/uploads\/2021\/03\/Corne-de-brume.mp3\"><\/audio><\/figure>\n\n\n\n<p class=\"has-text-align-center has-small-font-size\"><em>En cas de rupture de barrage.<\/em><\/p>\n<\/div>\n<\/div>\n\n\n\n<h2 class=\"has-text-align-center wp-block-heading\">Consignes g\u00e9n\u00e9rales<\/h2>\n\n\n\n<p class=\"has-text-align-center\">Que faire lorsque la sir\u00e8ne retentit ou que l\u2019on remarque qu\u2019un \u00e9v\u00e9nement dangereux s\u2019annonce ? Quelques consignes simples valables dans tous les cas : allumer la radio, se mettre \u00e0 l\u2019abri, ne pas t\u00e9l\u00e9phoner sauf si bless\u00e9s ou t\u00e9moins et ne pas se d\u00e9placer en voiture.<\/p>\n\n\n\n<div class=\"wp-block-image\"><figure class=\"aligncenter size-large is-resized\"><a href=\"https:\/\/www.preventraide.fr\/contenus\/app\/uploads\/2021\/03\/Illustration_que_faire_urgence-BD.png\"><img loading=\"lazy\" decoding=\"async\" src=\"https:\/\/www.preventraide.fr\/contenus\/app\/uploads\/2021\/03\/Illustration_que_faire_urgence-BD-1024x940.png\" alt=\"\" class=\"wp-image-195\" width=\"512\" height=\"470\" srcset=\"https:\/\/www.preventraide.fr\/contenus\/app\/uploads\/2021\/03\/Illustration_que_faire_urgence-BD-1024x940.png 1024w, https:\/\/www.preventraide.fr\/contenus\/app\/uploads\/2021\/03\/Illustration_que_faire_urgence-BD-300x275.png 300w, https:\/\/www.preventraide.fr\/contenus\/app\/uploads\/2021\/03\/Illustration_que_faire_urgence-BD-768x705.png 768w, https:\/\/www.preventraide.fr\/contenus\/app\/uploads\/2021\/03\/Illustration_que_faire_urgence-BD-1536x1410.png 1536w, https:\/\/www.preventraide.fr\/contenus\/app\/uploads\/2021\/03\/Illustration_que_faire_urgence-BD-1600x1469.png 1600w, https:\/\/www.preventraide.fr\/contenus\/app\/uploads\/2021\/03\/Illustration_que_faire_urgence-BD.png 1796w\" sizes=\"auto, (max-width: 512px) 100vw, 512px\" \/><\/a><\/figure><\/div>\n\n\n\n<div style=\"height:15px\" aria-hidden=\"true\" class=\"wp-block-spacer\"><\/div>\n\n\n\n<h2 class=\"has-text-align-center wp-block-heading\">Consignes pendant l&rsquo;\u00e9v\u00e9nement<\/h2>\n\n\n\n<p class=\"has-text-align-center\">Une fois que je suis \u00e0 l\u2019abri, que faire en attendant les secours ou la fin de l\u2019\u00e9v\u00e9nement&nbsp;? Quelques consignes simples pour \u00e9viter de se mettre en danger, s\u2019occuper et \u00eatre certain de ne rien oublier.<\/p>\n\n\n\n<div class=\"wp-block-image is-style-default\"><figure class=\"aligncenter size-large is-resized\"><a href=\"https:\/\/www.preventraide.fr\/contenus\/app\/uploads\/2021\/04\/secours-1.jpg\"><img loading=\"lazy\" decoding=\"async\" src=\"https:\/\/www.preventraide.fr\/contenus\/app\/uploads\/2021\/04\/secours-1-1024x724.jpg\" alt=\"\" class=\"wp-image-483\" width=\"512\" height=\"362\" srcset=\"https:\/\/www.preventraide.fr\/contenus\/app\/uploads\/2021\/04\/secours-1-1024x724.jpg 1024w, https:\/\/www.preventraide.fr\/contenus\/app\/uploads\/2021\/04\/secours-1-300x212.jpg 300w, https:\/\/www.preventraide.fr\/contenus\/app\/uploads\/2021\/04\/secours-1-768x543.jpg 768w, https:\/\/www.preventraide.fr\/contenus\/app\/uploads\/2021\/04\/secours-1.jpg 1251w\" sizes=\"auto, (max-width: 512px) 100vw, 512px\" \/><\/a><\/figure><\/div>\n\n\n\n<div style=\"height:15px\" aria-hidden=\"true\" class=\"wp-block-spacer\"><\/div>\n\n\n\n<h2 class=\"has-text-align-center wp-block-heading\">Kit d&rsquo;urgence<\/h2>\n\n\n\n<p class=\"has-text-align-center\">Pour \u00eatre pr\u00eat \u00e0 r\u00e9agir \u00e0 un \u00e9v\u00e9nement de grande ampleur, mieux vaut avoir pr\u00e9par\u00e9 son kit d\u2019urgence. Comment ne rien oublier&nbsp;?&nbsp;<\/p>\n\n\n\n<div class=\"wp-block-image\"><figure class=\"aligncenter size-large is-resized\"><a href=\"https:\/\/www.preventraide.fr\/contenus\/app\/uploads\/2021\/03\/Illustration-Pre\u0301pare-kit-urgence-BD.png\"><img loading=\"lazy\" decoding=\"async\" src=\"https:\/\/www.preventraide.fr\/contenus\/app\/uploads\/2021\/03\/Illustration-Pre\u0301pare-kit-urgence-BD-975x1024.png\" alt=\"\" class=\"wp-image-198\" width=\"488\" height=\"512\" srcset=\"https:\/\/www.preventraide.fr\/contenus\/app\/uploads\/2021\/03\/Illustration-Pre\u0301pare-kit-urgence-BD-975x1024.png 975w, https:\/\/www.preventraide.fr\/contenus\/app\/uploads\/2021\/03\/Illustration-Pre\u0301pare-kit-urgence-BD-286x300.png 286w, https:\/\/www.preventraide.fr\/contenus\/app\/uploads\/2021\/03\/Illustration-Pre\u0301pare-kit-urgence-BD-768x807.png 768w, https:\/\/www.preventraide.fr\/contenus\/app\/uploads\/2021\/03\/Illustration-Pre\u0301pare-kit-urgence-BD-1462x1536.png 1462w, https:\/\/www.preventraide.fr\/contenus\/app\/uploads\/2021\/03\/Illustration-Pre\u0301pare-kit-urgence-BD-1600x1681.png 1600w, https:\/\/www.preventraide.fr\/contenus\/app\/uploads\/2021\/03\/Illustration-Pre\u0301pare-kit-urgence-BD.png 1680w\" sizes=\"auto, (max-width: 488px) 100vw, 488px\" \/><\/a><\/figure><\/div>\n","protected":false},"excerpt":{"rendered":"<p>L&rsquo;alerte L\u2019alerte est d\u00e9clench\u00e9e lorsque le risque est av\u00e9r\u00e9. Il ne s\u2019agit plus de pr\u00e9venir d\u2019un potentiel \u00e9v\u00e8nement, mais d\u2019avertir que cet \u00e9v\u00e8nement est en courts Signal national d&rsquo;alerte Signal de 1:41 en cas de test et de 3 fois 1:41 en cas d&rsquo;\u00e9v\u00e9nement. Signal de fin d&rsquo;alerte Corne de brume En cas de rupture [&hellip;]<\/p>\n","protected":false},"author":1,"featured_media":0,"parent":0,"menu_order":0,"comment_status":"closed","ping_status":"closed","template":"","meta":{"_acf_changed":false,"inline_featured_image":false,"ghostkit_customizer_options":"","ghostkit_custom_css":"","ghostkit_custom_js_head":"","ghostkit_custom_js_foot":"","ghostkit_typography":"","footnotes":""},"class_list":["post-18","page","type-page","status-publish","hentry"],"acf":[],"yoast_head":"<!-- This site is optimized with the Yoast SEO plugin v24.9 - https:\/\/yoast.com\/wordpress\/plugins\/seo\/ -->\n<title>Que faire en cas d&#039;alerte ? - Preventraide - Conseils Pr\u00e9vention<\/title>\n<meta name=\"robots\" content=\"index, follow, max-snippet:-1, max-image-preview:large, max-video-preview:-1\" \/>\n<link rel=\"canonical\" href=\"https:\/\/www.preventraide.fr\/contenus\/que-faire-en-cas-dalerte\/\" \/>\n<meta property=\"og:locale\" content=\"fr_FR\" \/>\n<meta property=\"og:type\" content=\"article\" \/>\n<meta property=\"og:title\" content=\"Que faire en cas d&#039;alerte ? - Preventraide - Conseils Pr\u00e9vention\" \/>\n<meta property=\"og:description\" content=\"L&rsquo;alerte L\u2019alerte est d\u00e9clench\u00e9e lorsque le risque est av\u00e9r\u00e9. Il ne s\u2019agit plus de pr\u00e9venir d\u2019un potentiel \u00e9v\u00e8nement, mais d\u2019avertir que cet \u00e9v\u00e8nement est en courts Signal national d&rsquo;alerte Signal de 1:41 en cas de test et de 3 fois 1:41 en cas d&rsquo;\u00e9v\u00e9nement. Signal de fin d&rsquo;alerte Corne de brume En cas de rupture [&hellip;]\" \/>\n<meta property=\"og:url\" content=\"https:\/\/www.preventraide.fr\/contenus\/que-faire-en-cas-dalerte\/\" \/>\n<meta property=\"og:site_name\" content=\"Preventraide - Conseils Pr\u00e9vention\" \/>\n<meta property=\"article:modified_time\" content=\"2021-04-19T14:03:08+00:00\" \/>\n<meta property=\"og:image\" content=\"https:\/\/www.preventraide.fr\/contenus\/app\/uploads\/2021\/03\/Illustration_que_faire_urgence-BD.png\" \/>\n\t<meta property=\"og:image:width\" content=\"1796\" \/>\n\t<meta property=\"og:image:height\" content=\"1649\" \/>\n\t<meta property=\"og:image:type\" content=\"image\/png\" \/>\n<meta name=\"twitter:card\" content=\"summary_large_image\" \/>\n<meta name=\"twitter:label1\" content=\"Est. reading time\" \/>\n\t<meta name=\"twitter:data1\" content=\"2 minutes\" \/>\n<script type=\"application\/ld+json\" class=\"yoast-schema-graph\">{\"@context\":\"https:\/\/schema.org\",\"@graph\":[{\"@type\":\"WebPage\",\"@id\":\"https:\/\/www.preventraide.fr\/contenus\/que-faire-en-cas-dalerte\/\",\"url\":\"https:\/\/www.preventraide.fr\/contenus\/que-faire-en-cas-dalerte\/\",\"name\":\"Que faire en cas d'alerte ? - Preventraide - Conseils Pr\u00e9vention\",\"isPartOf\":{\"@id\":\"https:\/\/www.preventraide.fr\/contenus\/#website\"},\"primaryImageOfPage\":{\"@id\":\"https:\/\/www.preventraide.fr\/contenus\/que-faire-en-cas-dalerte\/#primaryimage\"},\"image\":{\"@id\":\"https:\/\/www.preventraide.fr\/contenus\/que-faire-en-cas-dalerte\/#primaryimage\"},\"thumbnailUrl\":\"https:\/\/www.preventraide.fr\/contenus\/app\/uploads\/2021\/03\/Illustration_que_faire_urgence-BD-1024x940.png\",\"datePublished\":\"2021-03-13T14:24:46+00:00\",\"dateModified\":\"2021-04-19T14:03:08+00:00\",\"breadcrumb\":{\"@id\":\"https:\/\/www.preventraide.fr\/contenus\/que-faire-en-cas-dalerte\/#breadcrumb\"},\"inLanguage\":\"fr-FR\",\"potentialAction\":[{\"@type\":\"ReadAction\",\"target\":[\"https:\/\/www.preventraide.fr\/contenus\/que-faire-en-cas-dalerte\/\"]}]},{\"@type\":\"ImageObject\",\"inLanguage\":\"fr-FR\",\"@id\":\"https:\/\/www.preventraide.fr\/contenus\/que-faire-en-cas-dalerte\/#primaryimage\",\"url\":\"https:\/\/www.preventraide.fr\/contenus\/app\/uploads\/2021\/03\/Illustration_que_faire_urgence-BD.png\",\"contentUrl\":\"https:\/\/www.preventraide.fr\/contenus\/app\/uploads\/2021\/03\/Illustration_que_faire_urgence-BD.png\",\"width\":1796,\"height\":1649},{\"@type\":\"BreadcrumbList\",\"@id\":\"https:\/\/www.preventraide.fr\/contenus\/que-faire-en-cas-dalerte\/#breadcrumb\",\"itemListElement\":[{\"@type\":\"ListItem\",\"position\":1,\"name\":\"Accueil\",\"item\":\"https:\/\/www.preventraide.fr\"},{\"@type\":\"ListItem\",\"position\":2,\"name\":\"Que faire en cas d&rsquo;alerte ?\"}]},{\"@type\":\"WebSite\",\"@id\":\"https:\/\/www.preventraide.fr\/contenus\/#website\",\"url\":\"https:\/\/www.preventraide.fr\/contenus\/\",\"name\":\"Preventraide\",\"description\":\"\",\"potentialAction\":[{\"@type\":\"SearchAction\",\"target\":{\"@type\":\"EntryPoint\",\"urlTemplate\":\"https:\/\/www.preventraide.fr\/contenus\/?s={search_term_string}\"},\"query-input\":{\"@type\":\"PropertyValueSpecification\",\"valueRequired\":true,\"valueName\":\"search_term_string\"}}],\"inLanguage\":\"fr-FR\"}]}<\/script>\n<!-- \/ Yoast SEO plugin. -->","yoast_head_json":{"title":"Que faire en cas d'alerte ? - Preventraide - Conseils Pr\u00e9vention","robots":{"index":"index","follow":"follow","max-snippet":"max-snippet:-1","max-image-preview":"max-image-preview:large","max-video-preview":"max-video-preview:-1"},"canonical":"https:\/\/www.preventraide.fr\/contenus\/que-faire-en-cas-dalerte\/","og_locale":"fr_FR","og_type":"article","og_title":"Que faire en cas d'alerte ? - Preventraide - Conseils Pr\u00e9vention","og_description":"L&rsquo;alerte L\u2019alerte est d\u00e9clench\u00e9e lorsque le risque est av\u00e9r\u00e9. Il ne s\u2019agit plus de pr\u00e9venir d\u2019un potentiel \u00e9v\u00e8nement, mais d\u2019avertir que cet \u00e9v\u00e8nement est en courts Signal national d&rsquo;alerte Signal de 1:41 en cas de test et de 3 fois 1:41 en cas d&rsquo;\u00e9v\u00e9nement. Signal de fin d&rsquo;alerte Corne de brume En cas de rupture [&hellip;]","og_url":"https:\/\/www.preventraide.fr\/contenus\/que-faire-en-cas-dalerte\/","og_site_name":"Preventraide - Conseils Pr\u00e9vention","article_modified_time":"2021-04-19T14:03:08+00:00","og_image":[{"width":1796,"height":1649,"url":"https:\/\/www.preventraide.fr\/contenus\/app\/uploads\/2021\/03\/Illustration_que_faire_urgence-BD.png","type":"image\/png"}],"twitter_card":"summary_large_image","twitter_misc":{"Est. reading time":"2 minutes"},"schema":{"@context":"https:\/\/schema.org","@graph":[{"@type":"WebPage","@id":"https:\/\/www.preventraide.fr\/contenus\/que-faire-en-cas-dalerte\/","url":"https:\/\/www.preventraide.fr\/contenus\/que-faire-en-cas-dalerte\/","name":"Que faire en cas d'alerte ? - Preventraide - Conseils Pr\u00e9vention","isPartOf":{"@id":"https:\/\/www.preventraide.fr\/contenus\/#website"},"primaryImageOfPage":{"@id":"https:\/\/www.preventraide.fr\/contenus\/que-faire-en-cas-dalerte\/#primaryimage"},"image":{"@id":"https:\/\/www.preventraide.fr\/contenus\/que-faire-en-cas-dalerte\/#primaryimage"},"thumbnailUrl":"https:\/\/www.preventraide.fr\/contenus\/app\/uploads\/2021\/03\/Illustration_que_faire_urgence-BD-1024x940.png","datePublished":"2021-03-13T14:24:46+00:00","dateModified":"2021-04-19T14:03:08+00:00","breadcrumb":{"@id":"https:\/\/www.preventraide.fr\/contenus\/que-faire-en-cas-dalerte\/#breadcrumb"},"inLanguage":"fr-FR","potentialAction":[{"@type":"ReadAction","target":["https:\/\/www.preventraide.fr\/contenus\/que-faire-en-cas-dalerte\/"]}]},{"@type":"ImageObject","inLanguage":"fr-FR","@id":"https:\/\/www.preventraide.fr\/contenus\/que-faire-en-cas-dalerte\/#primaryimage","url":"https:\/\/www.preventraide.fr\/contenus\/app\/uploads\/2021\/03\/Illustration_que_faire_urgence-BD.png","contentUrl":"https:\/\/www.preventraide.fr\/contenus\/app\/uploads\/2021\/03\/Illustration_que_faire_urgence-BD.png","width":1796,"height":1649},{"@type":"BreadcrumbList","@id":"https:\/\/www.preventraide.fr\/contenus\/que-faire-en-cas-dalerte\/#breadcrumb","itemListElement":[{"@type":"ListItem","position":1,"name":"Accueil","item":"https:\/\/www.preventraide.fr"},{"@type":"ListItem","position":2,"name":"Que faire en cas d&rsquo;alerte ?"}]},{"@type":"WebSite","@id":"https:\/\/www.preventraide.fr\/contenus\/#website","url":"https:\/\/www.preventraide.fr\/contenus\/","name":"Preventraide","description":"","potentialAction":[{"@type":"SearchAction","target":{"@type":"EntryPoint","urlTemplate":"https:\/\/www.preventraide.fr\/contenus\/?s={search_term_string}"},"query-input":{"@type":"PropertyValueSpecification","valueRequired":true,"valueName":"search_term_string"}}],"inLanguage":"fr-FR"}]}},"_links":{"self":[{"href":"https:\/\/www.preventraide.fr\/contenus\/wp-json\/wp\/v2\/pages\/18","targetHints":{"allow":["GET"]}}],"collection":[{"href":"https:\/\/www.preventraide.fr\/contenus\/wp-json\/wp\/v2\/pages"}],"about":[{"href":"https:\/\/www.preventraide.fr\/contenus\/wp-json\/wp\/v2\/types\/page"}],"author":[{"embeddable":true,"href":"https:\/\/www.preventraide.fr\/contenus\/wp-json\/wp\/v2\/users\/1"}],"replies":[{"embeddable":true,"href":"https:\/\/www.preventraide.fr\/contenus\/wp-json\/wp\/v2\/comments?post=18"}],"version-history":[{"count":3,"href":"https:\/\/www.preventraide.fr\/contenus\/wp-json\/wp\/v2\/pages\/18\/revisions"}],"predecessor-version":[{"id":486,"href":"https:\/\/www.preventraide.fr\/contenus\/wp-json\/wp\/v2\/pages\/18\/revisions\/486"}],"wp:attachment":[{"href":"https:\/\/www.preventraide.fr\/contenus\/wp-json\/wp\/v2\/media?parent=18"}],"curies":[{"name":"wp","href":"https:\/\/api.w.org\/{rel}","templated":true}]}}