{"id":7,"date":"2021-03-08T18:23:12","date_gmt":"2021-03-08T17:23:12","guid":{"rendered":"http:\/\/www.preventraide.fr\/contenus\/index.php\/charte-de-bonne-conduite\/"},"modified":"2021-04-08T17:31:39","modified_gmt":"2021-04-08T15:31:39","slug":"charte-de-bonne-conduite","status":"publish","type":"page","link":"https:\/\/www.preventraide.fr\/contenus\/charte-de-bonne-conduite\/","title":{"rendered":"Charte de bonne conduite"},"content":{"rendered":"\n<p>Pr\u00e9vEntraide est une plateforme d\u2019entraide en cas d\u2019\u00e9v\u00e9nements exceptionnels, propos\u00e9e par l\u2019association Pr\u00e9vention MAIF. Elle est ouverte \u00e0 tous, assur\u00e9s ou non \u00e0 la MAIF.<\/p>\n\n\n\n<p>Voici les principales r\u00e8gles de bonne conduite \u00e0 respecter sur la plateforme<\/p>\n\n\n\n<h2 class=\"wp-block-heading\">1\/ Le contenu de vos annonces :<\/h2>\n\n\n\n<p>Vous \u00eates seul(e) responsable du contenu que vous produisez sur Pr\u00e9vEntraide. Vous vous engagez donc \u00e0 :<\/p>\n\n\n\n<ul class=\"wp-block-list\"><li>ne pas utiliser de fausse identit\u00e9 en vue de tromper autrui ;<\/li><li>vous conformer aux lois en vigueur et respecter les droits de propri\u00e9t\u00e9 intellectuelle et les droits des tiers, ainsi que les pr\u00e9sentes conditions g\u00e9n\u00e9rales d\u2019utilisation ;<\/li><li>ne pas diffuser des informations ou contenus mensongers ;<\/li><li>ne pas diffuser des donn\u00e9es, informations ou contenus \u00e0 caract\u00e8re diffamatoire, injurieux, obsc\u00e8ne, offensant, violent, incitant \u00e0 la violence, ou \u00e0 caract\u00e8re raciste ni x\u00e9nophobe et de mani\u00e8re g\u00e9n\u00e9rale, tout contenu qui serait contraire aux lois et r\u00e8glements en vigueur ou \u00e0 l\u2019ordre public ;<\/li><\/ul>\n\n\n\n<h2 class=\"wp-block-heading\">2\/ Le partage d\u2019informations et de donn\u00e9es personnelles :<\/h2>\n\n\n\n<p>L\u2019objectif 1er de Pr\u00e9vEntraide est de faire se rencontrer les besoins et propositions d\u2019aide. Plus les Annonces seront diffus\u00e9es et partag\u00e9es, plus elles auront de chance d\u2019aboutir \u00e0 de l\u2019entraide r\u00e9elle et effective. C\u2019est pourquoi la Plateforme vous permet de partager sur les r\u00e9seaux sociaux ou par mail les Annonces qui pourraient int\u00e9resser vos proches. Vous \u00eates donc invit\u00e9 \u00e0 partager et diffuser l\u2019information, tout en essayant de cibler les personnes et les annonces que vous partagez, afin de ne pas sur-solliciter les utilisateurs et vos proches pour rien.<\/p>\n\n\n\n<p>Pr\u00e9vEntraide vous demande votre email et n\u00b0 de t\u00e9l\u00e9phone portable afin de pouvoir vous alerter au plus vite de l\u2019activit\u00e9 sur Pr\u00e9vEntraide. Votre email ne sera jamais diffus\u00e9 et, par d\u00e9faut, votre n\u00b0 de t\u00e9l\u00e9phone ne sera pas visible par les autres utilisateurs. Vous pouvez cependant choisir de le publier dans l\u2019annonce afin d\u2019\u00eatre contact\u00e9(e) plus facilement par ceux que vous pourriez aider ou qui pourraient vous aider.<\/p>\n\n\n\n<p>Pour en savoir plus, rendez-vous sur la&nbsp;<a href=\"https:\/\/www.preventraide.fr\/contenus\/politique-de-confidentialite\/\">politique de confidentialit\u00e9<\/a>.<\/p>\n\n\n\n<h2 class=\"wp-block-heading\">3\/ La gratuit\u00e9 des services que vous proposez ou demandez :<\/h2>\n\n\n\n<p>Pr\u00e9vEntraide est une plateforme solidaire d\u2019entraide entre voisins qui se rendent service lors d\u2019un \u00e9v\u00e9nement exceptionnel. Les services demand\u00e9s ou propos\u00e9s sur Pr\u00e9vEntraide sont donc enti\u00e8rement gratuits et ne doivent pas faire l\u2019objet de transactions financi\u00e8res ou commerciales.<\/p>\n\n\n\n<p>Les professionnels sont \u00e9videmment les bienvenus sur Pr\u00e9vEntraide mais ne peuvent proposer leurs services qu\u2019\u00e0 titre b\u00e9n\u00e9vole.<\/p>\n\n\n\n<h2 class=\"wp-block-heading\">4\/ Bienveillance et vigilance :<\/h2>\n\n\n\n<p>Pr\u00e9vEntraide s\u2019adresse tout particuli\u00e8rement aux personnes en situation de grande difficult\u00e9 suite \u00e0 un \u00e9v\u00e9nement exceptionnel, en leur permettant de se mettre en relation avec des personnes susceptibles de les aider. Restons donc bienveillants les uns envers les autres, que ce soit envers les personnes ayant besoin de nous qu\u2019envers les personnes nous proposant g\u00e9n\u00e9reusement leur aide.<\/p>\n\n\n\n<p>Il est important de savoir que les \u00e9changes de biens et services propos\u00e9s via Pr\u00e9vEntraide rel\u00e8vent de votre responsabilit\u00e9 et en aucun cas la responsabilit\u00e9 de Pr\u00e9vention MAIF ne peut \u00eatre engag\u00e9e. Nous vous recommandons de consulter votre propre assureur pour \u00eatre certain que les op\u00e9rations envisag\u00e9es et r\u00e9alis\u00e9es ainsi que leurs cons\u00e9quences (litiges entre Utilisateurs par exemple) sont couverts par votre contrat d\u2019assurance.<\/p>\n\n\n\n<p><strong>La&nbsp;<a href=\"https:\/\/www.preventraide.fr\/contenus\/conditions-generales-d-utilisation\/\" target=\"_blank\" rel=\"noreferrer noopener\">version int\u00e9grale des CGU<\/a>&nbsp;pr\u00e9vaut sur la charte de bonne conduite.<\/strong><\/p>\n","protected":false},"excerpt":{"rendered":"<p>Pr\u00e9vEntraide est une plateforme d\u2019entraide en cas d\u2019\u00e9v\u00e9nements exceptionnels, propos\u00e9e par l\u2019association Pr\u00e9vention MAIF. Elle est ouverte \u00e0 tous, assur\u00e9s ou non \u00e0 la MAIF. Voici les principales r\u00e8gles de bonne conduite \u00e0 respecter sur la plateforme 1\/ Le contenu de vos annonces : Vous \u00eates seul(e) responsable du contenu que vous produisez sur Pr\u00e9vEntraide. [&hellip;]<\/p>\n","protected":false},"author":1,"featured_media":0,"parent":0,"menu_order":0,"comment_status":"closed","ping_status":"closed","template":"","meta":{"_acf_changed":false,"inline_featured_image":false,"ghostkit_customizer_options":"","ghostkit_custom_css":"","ghostkit_custom_js_head":"","ghostkit_custom_js_foot":"","ghostkit_typography":"","footnotes":""},"class_list":["post-7","page","type-page","status-publish","hentry"],"acf":[],"yoast_head":"<!-- This site is optimized with the Yoast SEO plugin v24.9 - https:\/\/yoast.com\/wordpress\/plugins\/seo\/ -->\n<title>Charte de bonne conduite - Preventraide - Conseils Pr\u00e9vention<\/title>\n<meta name=\"robots\" content=\"index, follow, max-snippet:-1, max-image-preview:large, max-video-preview:-1\" \/>\n<link rel=\"canonical\" href=\"https:\/\/www.preventraide.fr\/contenus\/charte-de-bonne-conduite\/\" \/>\n<meta property=\"og:locale\" content=\"fr_FR\" \/>\n<meta property=\"og:type\" content=\"article\" \/>\n<meta property=\"og:title\" content=\"Charte de bonne conduite - Preventraide - Conseils Pr\u00e9vention\" \/>\n<meta property=\"og:description\" content=\"Pr\u00e9vEntraide est une plateforme d\u2019entraide en cas d\u2019\u00e9v\u00e9nements exceptionnels, propos\u00e9e par l\u2019association Pr\u00e9vention MAIF. Elle est ouverte \u00e0 tous, assur\u00e9s ou non \u00e0 la MAIF. Voici les principales r\u00e8gles de bonne conduite \u00e0 respecter sur la plateforme 1\/ Le contenu de vos annonces : Vous \u00eates seul(e) responsable du contenu que vous produisez sur Pr\u00e9vEntraide. [&hellip;]\" \/>\n<meta property=\"og:url\" content=\"https:\/\/www.preventraide.fr\/contenus\/charte-de-bonne-conduite\/\" \/>\n<meta property=\"og:site_name\" content=\"Preventraide - Conseils Pr\u00e9vention\" \/>\n<meta property=\"article:modified_time\" content=\"2021-04-08T15:31:39+00:00\" \/>\n<meta name=\"twitter:card\" content=\"summary_large_image\" \/>\n<meta name=\"twitter:label1\" content=\"Est. reading time\" \/>\n\t<meta name=\"twitter:data1\" content=\"3 minutes\" \/>\n<script type=\"application\/ld+json\" class=\"yoast-schema-graph\">{\"@context\":\"https:\/\/schema.org\",\"@graph\":[{\"@type\":\"WebPage\",\"@id\":\"https:\/\/www.preventraide.fr\/contenus\/charte-de-bonne-conduite\/\",\"url\":\"https:\/\/www.preventraide.fr\/contenus\/charte-de-bonne-conduite\/\",\"name\":\"Charte de bonne conduite - Preventraide - Conseils Pr\u00e9vention\",\"isPartOf\":{\"@id\":\"https:\/\/www.preventraide.fr\/contenus\/#website\"},\"datePublished\":\"2021-03-08T17:23:12+00:00\",\"dateModified\":\"2021-04-08T15:31:39+00:00\",\"breadcrumb\":{\"@id\":\"https:\/\/www.preventraide.fr\/contenus\/charte-de-bonne-conduite\/#breadcrumb\"},\"inLanguage\":\"fr-FR\",\"potentialAction\":[{\"@type\":\"ReadAction\",\"target\":[\"https:\/\/www.preventraide.fr\/contenus\/charte-de-bonne-conduite\/\"]}]},{\"@type\":\"BreadcrumbList\",\"@id\":\"https:\/\/www.preventraide.fr\/contenus\/charte-de-bonne-conduite\/#breadcrumb\",\"itemListElement\":[{\"@type\":\"ListItem\",\"position\":1,\"name\":\"Accueil\",\"item\":\"https:\/\/www.preventraide.fr\"},{\"@type\":\"ListItem\",\"position\":2,\"name\":\"Charte de bonne conduite\"}]},{\"@type\":\"WebSite\",\"@id\":\"https:\/\/www.preventraide.fr\/contenus\/#website\",\"url\":\"https:\/\/www.preventraide.fr\/contenus\/\",\"name\":\"Preventraide\",\"description\":\"\",\"potentialAction\":[{\"@type\":\"SearchAction\",\"target\":{\"@type\":\"EntryPoint\",\"urlTemplate\":\"https:\/\/www.preventraide.fr\/contenus\/?s={search_term_string}\"},\"query-input\":{\"@type\":\"PropertyValueSpecification\",\"valueRequired\":true,\"valueName\":\"search_term_string\"}}],\"inLanguage\":\"fr-FR\"}]}<\/script>\n<!-- \/ Yoast SEO plugin. -->","yoast_head_json":{"title":"Charte de bonne conduite - Preventraide - Conseils Pr\u00e9vention","robots":{"index":"index","follow":"follow","max-snippet":"max-snippet:-1","max-image-preview":"max-image-preview:large","max-video-preview":"max-video-preview:-1"},"canonical":"https:\/\/www.preventraide.fr\/contenus\/charte-de-bonne-conduite\/","og_locale":"fr_FR","og_type":"article","og_title":"Charte de bonne conduite - Preventraide - Conseils Pr\u00e9vention","og_description":"Pr\u00e9vEntraide est une plateforme d\u2019entraide en cas d\u2019\u00e9v\u00e9nements exceptionnels, propos\u00e9e par l\u2019association Pr\u00e9vention MAIF. Elle est ouverte \u00e0 tous, assur\u00e9s ou non \u00e0 la MAIF. Voici les principales r\u00e8gles de bonne conduite \u00e0 respecter sur la plateforme 1\/ Le contenu de vos annonces : Vous \u00eates seul(e) responsable du contenu que vous produisez sur Pr\u00e9vEntraide. [&hellip;]","og_url":"https:\/\/www.preventraide.fr\/contenus\/charte-de-bonne-conduite\/","og_site_name":"Preventraide - Conseils Pr\u00e9vention","article_modified_time":"2021-04-08T15:31:39+00:00","twitter_card":"summary_large_image","twitter_misc":{"Est. reading time":"3 minutes"},"schema":{"@context":"https:\/\/schema.org","@graph":[{"@type":"WebPage","@id":"https:\/\/www.preventraide.fr\/contenus\/charte-de-bonne-conduite\/","url":"https:\/\/www.preventraide.fr\/contenus\/charte-de-bonne-conduite\/","name":"Charte de bonne conduite - Preventraide - Conseils Pr\u00e9vention","isPartOf":{"@id":"https:\/\/www.preventraide.fr\/contenus\/#website"},"datePublished":"2021-03-08T17:23:12+00:00","dateModified":"2021-04-08T15:31:39+00:00","breadcrumb":{"@id":"https:\/\/www.preventraide.fr\/contenus\/charte-de-bonne-conduite\/#breadcrumb"},"inLanguage":"fr-FR","potentialAction":[{"@type":"ReadAction","target":["https:\/\/www.preventraide.fr\/contenus\/charte-de-bonne-conduite\/"]}]},{"@type":"BreadcrumbList","@id":"https:\/\/www.preventraide.fr\/contenus\/charte-de-bonne-conduite\/#breadcrumb","itemListElement":[{"@type":"ListItem","position":1,"name":"Accueil","item":"https:\/\/www.preventraide.fr"},{"@type":"ListItem","position":2,"name":"Charte de bonne conduite"}]},{"@type":"WebSite","@id":"https:\/\/www.preventraide.fr\/contenus\/#website","url":"https:\/\/www.preventraide.fr\/contenus\/","name":"Preventraide","description":"","potentialAction":[{"@type":"SearchAction","target":{"@type":"EntryPoint","urlTemplate":"https:\/\/www.preventraide.fr\/contenus\/?s={search_term_string}"},"query-input":{"@type":"PropertyValueSpecification","valueRequired":true,"valueName":"search_term_string"}}],"inLanguage":"fr-FR"}]}},"_links":{"self":[{"href":"https:\/\/www.preventraide.fr\/contenus\/wp-json\/wp\/v2\/pages\/7","targetHints":{"allow":["GET"]}}],"collection":[{"href":"https:\/\/www.preventraide.fr\/contenus\/wp-json\/wp\/v2\/pages"}],"about":[{"href":"https:\/\/www.preventraide.fr\/contenus\/wp-json\/wp\/v2\/types\/page"}],"author":[{"embeddable":true,"href":"https:\/\/www.preventraide.fr\/contenus\/wp-json\/wp\/v2\/users\/1"}],"replies":[{"embeddable":true,"href":"https:\/\/www.preventraide.fr\/contenus\/wp-json\/wp\/v2\/comments?post=7"}],"version-history":[{"count":2,"href":"https:\/\/www.preventraide.fr\/contenus\/wp-json\/wp\/v2\/pages\/7\/revisions"}],"predecessor-version":[{"id":473,"href":"https:\/\/www.preventraide.fr\/contenus\/wp-json\/wp\/v2\/pages\/7\/revisions\/473"}],"wp:attachment":[{"href":"https:\/\/www.preventraide.fr\/contenus\/wp-json\/wp\/v2\/media?parent=7"}],"curies":[{"name":"wp","href":"https:\/\/api.w.org\/{rel}","templated":true}]}}